

{"id":5463,"date":"2021-04-30T00:50:26","date_gmt":"2021-05-07T20:12:25","guid":{"rendered":"https:\/\/staging.woodandwine.hu\/bor\/uncategorized\/organic-red\/"},"modified":"2021-10-15T12:31:09","modified_gmt":"2021-10-15T11:31:09","slug":"organic-red","status":"publish","type":"product","link":"https:\/\/woodandwine.overace.agency\/en\/bor\/reyneke\/organic-red\/","title":{"rendered":"Reyneke Organic Red"},"content":{"rendered":"<p>The Organic Shiraz Cabernet Sauvignon is made up of a blend of 85% Shiraz and 15 % Cabernet Sauvignon. The grapes are sourced from the best organic vineyards across the Western Cape, a quarter of it coming directly from the estate. The grapes were sorted, destemmed and wild, spontaneous fermentation took place in a combination of concrete tanks and open top stainless steel fermenters using the submerged cap fermentation technique. 25% of the wine spent eight months in older oak barrels after which the assemblage is made up and bottled.<\/p>\n","protected":false},"excerpt":{"rendered":"<p>The nose is spicy, with aromas of black pepper, plum, cherry and cedar wood. There is also a light perfume of violets and plum on the nose. The palate is well balanced and structured, with juicy fresh tannins and a dry finish. Distinct notes of red fruit and spice on the palate, all add to this complex and enjoyable wine.<\/p>\n","protected":false},"featured_media":5138,"comment_status":"open","ping_status":"open","template":"","meta":{"_seopress_robots_primary_cat":"V\u00f6r\u00f6s Cuv\u00e9e Borok","inline_featured_image":false},"product_cat":[103,85,105,147,150],"product_tag":[186,185],"food-pairing":[],"region":[219],"class_list":["post-5463","product","type-product","status-publish","has-post-thumbnail","hentry","product_brand-reyneke","product_cat-blends-cs","product_cat-red","product_cat-blends-shiraz","product_cat-cabernet-sauvignon","product_cat-shiraz","product_tag-organic","product_tag-blend","product_shipping_class-standard","pa_style-extra-dry","pa_vintage-499","region-stellenbosch"],"bundle_layout":"","bundle_add_to_cart_form_location":"","bundle_editable_in_cart":false,"bundle_sold_individually_context":"","bundle_item_grouping":"","bundle_min_size":"","bundle_max_size":"","bundled_by":["5775"],"bundled_items":[],"_links":{"self":[{"href":"https:\/\/woodandwine.overace.agency\/en\/wp-json\/wp\/v2\/product\/5463","targetHints":{"allow":["GET"]}}],"collection":[{"href":"https:\/\/woodandwine.overace.agency\/en\/wp-json\/wp\/v2\/product"}],"about":[{"href":"https:\/\/woodandwine.overace.agency\/en\/wp-json\/wp\/v2\/types\/product"}],"replies":[{"embeddable":true,"href":"https:\/\/woodandwine.overace.agency\/en\/wp-json\/wp\/v2\/comments?post=5463"}],"wp:featuredmedia":[{"embeddable":true,"href":"https:\/\/woodandwine.overace.agency\/en\/wp-json\/wp\/v2\/media\/5138"}],"wp:attachment":[{"href":"https:\/\/woodandwine.overace.agency\/en\/wp-json\/wp\/v2\/media?parent=5463"}],"wp:term":[{"taxonomy":"product_cat","embeddable":true,"href":"https:\/\/woodandwine.overace.agency\/en\/wp-json\/wp\/v2\/product_cat?post=5463"},{"taxonomy":"product_tag","embeddable":true,"href":"https:\/\/woodandwine.overace.agency\/en\/wp-json\/wp\/v2\/product_tag?post=5463"},{"taxonomy":"food-pairing","embeddable":true,"href":"https:\/\/woodandwine.overace.agency\/en\/wp-json\/wp\/v2\/food-pairing?post=5463"},{"taxonomy":"region","embeddable":true,"href":"https:\/\/woodandwine.overace.agency\/en\/wp-json\/wp\/v2\/region?post=5463"}],"curies":[{"name":"wp","href":"https:\/\/api.w.org\/{rel}","templated":true}]}}