

{"id":5461,"date":"2021-04-30T00:50:21","date_gmt":"2021-05-07T20:12:08","guid":{"rendered":"https:\/\/staging.woodandwine.hu\/bor\/uncategorized\/quinary\/"},"modified":"2021-10-15T12:31:09","modified_gmt":"2021-10-15T11:31:09","slug":"quinary","status":"publish","type":"product","link":"https:\/\/woodandwine.overace.agency\/en\/bor\/raka\/quinary\/","title":{"rendered":"Raka Quinary"},"content":{"rendered":"<p>All grapes were hand picked in small lug boxes pre cooled to 5\u00b0and sorted twice before a pure yeast culture was inoculated. The juice was pumped over the skins 3-5 times per day for 5 days. Once fermentation was complete, the wine was drained of the primary lees and transferred to a resting tank. Malolactic fermentation and a brief settling period preceded the wine to a combination of 225 litre barrels of French oak \u00a0(25% first fill the rest second third and fourth fill.) The wine spent between 12 &#8211; 14 months in barrel before bottling and labelling.<\/p>\n","protected":false},"excerpt":{"rendered":"<p>A complex nose of spice, ripe berries and blackberries with slight forest floor earthy tones. Mouth filling fruit and elegant oak flavours, juicy tannins and lingering after taste.<\/p>\n","protected":false},"featured_media":5048,"comment_status":"open","ping_status":"closed","template":"","meta":{"_seopress_robots_primary_cat":"V\u00f6r\u00f6s Cuv\u00e9e Borok","inline_featured_image":false},"product_cat":[102,103,107,108,122,85,151,147,152,148,153],"product_tag":[184,185],"food-pairing":[378,378,385,387,438,386,389,413],"region":[229,225,298],"class_list":{"0":"post-5461","1":"product","2":"type-product","3":"status-publish","4":"has-post-thumbnail","5":"hentry","6":"product_brand-raka","7":"product_cat-blends-cf","8":"product_cat-blends-cs","9":"product_cat-blend-malbec","10":"product_cat-blend-merlot","11":"product_cat-blend-petit-verdot","12":"product_cat-red","13":"product_cat-cabernet-franc","14":"product_cat-cabernet-sauvignon","15":"product_cat-malbec","16":"product_cat-merlot","17":"product_cat-petit-verdot","18":"product_tag-award","19":"product_tag-blend","20":"product_shipping_class-standard","21":"pa_style-extra-dry","22":"pa_vintage-501","23":"food-pairing-beef","25":"food-pairing-italian-cuisine-olasz-konyha","26":"food-pairing-lamb-barany","27":"food-pairing-on-its-own","28":"food-pairing-pasta","29":"food-pairing-poultry-szarnyas","30":"food-pairing-rooster","31":"region-cape-south-coast","32":"region-overberg","33":"region-south-africa"},"bundle_layout":"","bundle_add_to_cart_form_location":"","bundle_editable_in_cart":false,"bundle_sold_individually_context":"","bundle_item_grouping":"","bundle_min_size":"","bundle_max_size":"","bundled_by":["5800","5779","5782"],"bundled_items":[],"_links":{"self":[{"href":"https:\/\/woodandwine.overace.agency\/en\/wp-json\/wp\/v2\/product\/5461","targetHints":{"allow":["GET"]}}],"collection":[{"href":"https:\/\/woodandwine.overace.agency\/en\/wp-json\/wp\/v2\/product"}],"about":[{"href":"https:\/\/woodandwine.overace.agency\/en\/wp-json\/wp\/v2\/types\/product"}],"replies":[{"embeddable":true,"href":"https:\/\/woodandwine.overace.agency\/en\/wp-json\/wp\/v2\/comments?post=5461"}],"wp:featuredmedia":[{"embeddable":true,"href":"https:\/\/woodandwine.overace.agency\/en\/wp-json\/wp\/v2\/media\/5048"}],"wp:attachment":[{"href":"https:\/\/woodandwine.overace.agency\/en\/wp-json\/wp\/v2\/media?parent=5461"}],"wp:term":[{"taxonomy":"product_cat","embeddable":true,"href":"https:\/\/woodandwine.overace.agency\/en\/wp-json\/wp\/v2\/product_cat?post=5461"},{"taxonomy":"product_tag","embeddable":true,"href":"https:\/\/woodandwine.overace.agency\/en\/wp-json\/wp\/v2\/product_tag?post=5461"},{"taxonomy":"food-pairing","embeddable":true,"href":"https:\/\/woodandwine.overace.agency\/en\/wp-json\/wp\/v2\/food-pairing?post=5461"},{"taxonomy":"region","embeddable":true,"href":"https:\/\/woodandwine.overace.agency\/en\/wp-json\/wp\/v2\/region?post=5461"}],"curies":[{"name":"wp","href":"https:\/\/api.w.org\/{rel}","templated":true}]}}