

{"id":5450,"date":"2021-04-30T00:50:13","date_gmt":"2021-05-07T20:11:31","guid":{"rendered":"https:\/\/staging.woodandwine.hu\/bor\/uncategorized\/reserve-red\/"},"modified":"2021-10-08T16:50:46","modified_gmt":"2021-10-08T15:50:46","slug":"reserve-red","status":"publish","type":"product","link":"https:\/\/woodandwine.overace.agency\/en\/bor\/leeuwenkuil\/reserve-red\/","title":{"rendered":"Leeuwenkuil Reserve Red"},"content":{"rendered":"<p>The Reserve Red is a vintage blend of the best reds Leeuwenkuil produces from the Swartland region. The crop was reduced to one bunch per shoot to enhance the quality of the grapes, which were picked at sugars ranging between 21 and 24 degrees Balling. After handpicking the grapes, they were fermented on skins with their own yeast and using punch-downs and pump-overs to mix the juice and skins. Skin contact then took place for 20 days to allow for the maximum extraction of tannins. Malolactic fermentation and aging occurred in a 5 000L French oak foudre for 12 months. The 2017 vintage was a warm and dry, but healthy growing season. Lower yields and smaller berries contributed to a good concentration of fruit flavors.<\/p>\n","protected":false},"excerpt":{"rendered":"<p>It has a distinctive perfume on the nose backed by the aroma of caramelized plums. The palate offers an abundance or pure red fruit: cherries, cranberries and plums with a peppery and savoury finish. It is a fresh wine with great depth of flavour and complexity, finishing long and begging another sip!<\/p>\n","protected":false},"featured_media":5050,"comment_status":"open","ping_status":"open","template":"","meta":{"_seopress_robots_primary_cat":"V\u00f6r\u00f6s Cuv\u00e9e Borok","inline_featured_image":false},"product_cat":[126,125,106,85,105,156,155,157,150],"product_tag":[185],"food-pairing":[376,396,411,436,388],"region":[],"class_list":["post-5450","product","type-product","status-publish","has-post-thumbnail","hentry","product_brand-leeuwenkuil","product_cat-blend-cinsault-noir","product_cat-blend-grenache-noir","product_cat-blend-mourvedre","product_cat-red","product_cat-blends-shiraz","product_cat-cinsault-noir","product_cat-grenache-noir","product_cat-mourvedre","product_cat-shiraz","product_tag-blend","product_shipping_class-standard","pa_style-dry","pa_vintage-497","food-pairing-asian-cuisine","food-pairing-curry","food-pairing-ham","food-pairing-meat","food-pairing-pork-sertes"],"bundle_layout":"","bundle_add_to_cart_form_location":"","bundle_editable_in_cart":false,"bundle_sold_individually_context":"","bundle_item_grouping":"","bundle_min_size":"","bundle_max_size":"","bundled_by":[],"bundled_items":[],"_links":{"self":[{"href":"https:\/\/woodandwine.overace.agency\/en\/wp-json\/wp\/v2\/product\/5450","targetHints":{"allow":["GET"]}}],"collection":[{"href":"https:\/\/woodandwine.overace.agency\/en\/wp-json\/wp\/v2\/product"}],"about":[{"href":"https:\/\/woodandwine.overace.agency\/en\/wp-json\/wp\/v2\/types\/product"}],"replies":[{"embeddable":true,"href":"https:\/\/woodandwine.overace.agency\/en\/wp-json\/wp\/v2\/comments?post=5450"}],"wp:featuredmedia":[{"embeddable":true,"href":"https:\/\/woodandwine.overace.agency\/en\/wp-json\/wp\/v2\/media\/5050"}],"wp:attachment":[{"href":"https:\/\/woodandwine.overace.agency\/en\/wp-json\/wp\/v2\/media?parent=5450"}],"wp:term":[{"taxonomy":"product_cat","embeddable":true,"href":"https:\/\/woodandwine.overace.agency\/en\/wp-json\/wp\/v2\/product_cat?post=5450"},{"taxonomy":"product_tag","embeddable":true,"href":"https:\/\/woodandwine.overace.agency\/en\/wp-json\/wp\/v2\/product_tag?post=5450"},{"taxonomy":"food-pairing","embeddable":true,"href":"https:\/\/woodandwine.overace.agency\/en\/wp-json\/wp\/v2\/food-pairing?post=5450"},{"taxonomy":"region","embeddable":true,"href":"https:\/\/woodandwine.overace.agency\/en\/wp-json\/wp\/v2\/region?post=5450"}],"curies":[{"name":"wp","href":"https:\/\/api.w.org\/{rel}","templated":true}]}}