

{"id":5429,"date":"2021-04-30T00:49:58","date_gmt":"2021-05-07T20:10:28","guid":{"rendered":"https:\/\/staging.woodandwine.hu\/bor\/uncategorized\/400-arpensis-cabernet-franc\/"},"modified":"2021-10-14T08:42:30","modified_gmt":"2021-10-14T07:42:30","slug":"400-arpensis-cabernet-franc","status":"publish","type":"product","link":"https:\/\/woodandwine.overace.agency\/en\/bor\/jammertal\/400-arpensis-cabernet-franc\/","title":{"rendered":"Jammertal \u2019400 Arpensis\u2019 Cabernet Franc"},"content":{"rendered":"","protected":false},"excerpt":{"rendered":"<p>It is characterized by a dark purple color and the aroma of prunes. Its velvety character is associated with an excellent acid structure and a world of black cherry\/strawberry flavors. An easy to love, harmonious red wine.<\/p>\n<p>\u2018Arpensis\u2019 is an ancient Roman measure of area. In Vill\u00e1ny, at the foot of the Sz\u00e1rsomly\u00f3, we found this old measure inscribed on the altar stone of a richly mosaic decorated Roman villa. According to the inscription, the lord of the estate, Venatus, with the help of his son, planted 400 arpensis (about 45 hectares) of vines here 2000 years ago.<\/p>\n","protected":false},"featured_media":5162,"comment_status":"open","ping_status":"closed","template":"","meta":{"_seopress_robots_primary_cat":"Cabernet Franc","inline_featured_image":false},"product_cat":[85,151],"product_tag":[],"food-pairing":[],"region":[300,299,231],"class_list":["post-5429","product","type-product","status-publish","has-post-thumbnail","hentry","product_brand-jammertal","product_cat-red","product_cat-cabernet-franc","product_shipping_class-standard","pa_style-extra-dry","pa_vintage-498","region-balaton-en","region-hungary","region-villany"],"bundle_layout":"","bundle_add_to_cart_form_location":"","bundle_editable_in_cart":false,"bundle_sold_individually_context":"","bundle_item_grouping":"","bundle_min_size":"","bundle_max_size":"","bundled_by":["5772"],"bundled_items":[],"_links":{"self":[{"href":"https:\/\/woodandwine.overace.agency\/en\/wp-json\/wp\/v2\/product\/5429","targetHints":{"allow":["GET"]}}],"collection":[{"href":"https:\/\/woodandwine.overace.agency\/en\/wp-json\/wp\/v2\/product"}],"about":[{"href":"https:\/\/woodandwine.overace.agency\/en\/wp-json\/wp\/v2\/types\/product"}],"replies":[{"embeddable":true,"href":"https:\/\/woodandwine.overace.agency\/en\/wp-json\/wp\/v2\/comments?post=5429"}],"wp:featuredmedia":[{"embeddable":true,"href":"https:\/\/woodandwine.overace.agency\/en\/wp-json\/wp\/v2\/media\/5162"}],"wp:attachment":[{"href":"https:\/\/woodandwine.overace.agency\/en\/wp-json\/wp\/v2\/media?parent=5429"}],"wp:term":[{"taxonomy":"product_cat","embeddable":true,"href":"https:\/\/woodandwine.overace.agency\/en\/wp-json\/wp\/v2\/product_cat?post=5429"},{"taxonomy":"product_tag","embeddable":true,"href":"https:\/\/woodandwine.overace.agency\/en\/wp-json\/wp\/v2\/product_tag?post=5429"},{"taxonomy":"food-pairing","embeddable":true,"href":"https:\/\/woodandwine.overace.agency\/en\/wp-json\/wp\/v2\/food-pairing?post=5429"},{"taxonomy":"region","embeddable":true,"href":"https:\/\/woodandwine.overace.agency\/en\/wp-json\/wp\/v2\/region?post=5429"}],"curies":[{"name":"wp","href":"https:\/\/api.w.org\/{rel}","templated":true}]}}