

{"id":5419,"date":"2021-04-30T00:49:50","date_gmt":"2021-05-07T20:09:53","guid":{"rendered":"https:\/\/staging.woodandwine.hu\/bor\/uncategorized\/delicate\/"},"modified":"2021-10-08T16:50:49","modified_gmt":"2021-10-08T15:50:49","slug":"delicate","status":"publish","type":"product","link":"https:\/\/woodandwine.overace.agency\/en\/bor\/de-toren\/delicate\/","title":{"rendered":"De Toren Delicate"},"content":{"rendered":"<p>The Merlot and Cabernet Sauvignon are carefully matured in third fill French oak barrels for twelve months. The Malbec is fermented and aged in stainless steel tanks to retain the primary fruit aromas and freshness of the wine.<\/p>\n","protected":false},"excerpt":{"rendered":"<p>De Toren D\u00e9licate reveals an exemplarily sensory pleasure of fresh, luscious red strawberries with deep, elegant flavours and a mystical aroma of cinnamon. This silky-smooth Malbec-dominated blend, is a superbly fresh, light styled red blend that reveals its exquisite nature when served slightly chilled. The gentle balance of acidity gives this wine its unique character of being fresh, youthful and light.<\/p>\n","protected":false},"featured_media":5088,"comment_status":"open","ping_status":"open","template":"","meta":{"_seopress_robots_primary_cat":"V\u00f6r\u00f6s Cuv\u00e9e Borok","inline_featured_image":false},"product_cat":[102,103,107,108,85,151,147,152,148],"product_tag":[184,185],"food-pairing":[379,382,428,439,394],"region":[220,298,219],"class_list":["post-5419","product","type-product","status-publish","has-post-thumbnail","hentry","product_brand-de-toren","product_cat-blends-cf","product_cat-blends-cs","product_cat-blend-malbec","product_cat-blend-merlot","product_cat-red","product_cat-cabernet-franc","product_cat-cabernet-sauvignon","product_cat-malbec","product_cat-merlot","product_tag-award","product_tag-blend","product_shipping_class-standard","pa_style-extra-dry","pa_vintage-n-a","food-pairing-cheese","food-pairing-fruit-gyumolcs","food-pairing-salad","food-pairing-tapas-en","food-pairing-vegetarian-vegetarianus","region-cape-west-coast","region-south-africa","region-stellenbosch"],"bundle_layout":"","bundle_add_to_cart_form_location":"","bundle_editable_in_cart":false,"bundle_sold_individually_context":"","bundle_item_grouping":"","bundle_min_size":"","bundle_max_size":"","bundled_by":[],"bundled_items":[],"_links":{"self":[{"href":"https:\/\/woodandwine.overace.agency\/en\/wp-json\/wp\/v2\/product\/5419","targetHints":{"allow":["GET"]}}],"collection":[{"href":"https:\/\/woodandwine.overace.agency\/en\/wp-json\/wp\/v2\/product"}],"about":[{"href":"https:\/\/woodandwine.overace.agency\/en\/wp-json\/wp\/v2\/types\/product"}],"replies":[{"embeddable":true,"href":"https:\/\/woodandwine.overace.agency\/en\/wp-json\/wp\/v2\/comments?post=5419"}],"wp:featuredmedia":[{"embeddable":true,"href":"https:\/\/woodandwine.overace.agency\/en\/wp-json\/wp\/v2\/media\/5088"}],"wp:attachment":[{"href":"https:\/\/woodandwine.overace.agency\/en\/wp-json\/wp\/v2\/media?parent=5419"}],"wp:term":[{"taxonomy":"product_cat","embeddable":true,"href":"https:\/\/woodandwine.overace.agency\/en\/wp-json\/wp\/v2\/product_cat?post=5419"},{"taxonomy":"product_tag","embeddable":true,"href":"https:\/\/woodandwine.overace.agency\/en\/wp-json\/wp\/v2\/product_tag?post=5419"},{"taxonomy":"food-pairing","embeddable":true,"href":"https:\/\/woodandwine.overace.agency\/en\/wp-json\/wp\/v2\/food-pairing?post=5419"},{"taxonomy":"region","embeddable":true,"href":"https:\/\/woodandwine.overace.agency\/en\/wp-json\/wp\/v2\/region?post=5419"}],"curies":[{"name":"wp","href":"https:\/\/api.w.org\/{rel}","templated":true}]}}