

{"id":5413,"date":"2021-04-30T00:49:46","date_gmt":"2021-05-07T20:09:36","guid":{"rendered":"https:\/\/staging.woodandwine.hu\/bor\/uncategorized\/red\/"},"modified":"2021-10-08T16:50:49","modified_gmt":"2021-10-08T15:50:49","slug":"red","status":"publish","type":"product","link":"https:\/\/woodandwine.overace.agency\/en\/bor\/boekenhoutskloof\/red\/","title":{"rendered":"Boekenhoutskloof \u2019The Wolftrap\u2019 Red"},"content":{"rendered":"<p>For our blend, we opted for a higher percentage of Syrah \u2013 we love working with this robust, brambly variety with its fine aromas of violets and ripe plums. We have therefore again accentuated a spicy, peppery profile yet retaining the juicy, fruity character which is a hallmark of our Wolftrap Red. Mourv\u00e8dre from the Swartland again lended a touch of austerity, a red fruit character and smoky body with the dash of Viognier contributing perfume and vibrancy. This classic, rustic Rh\u00f4ne style blend again over delivers at its attractive price point.<\/p>\n","protected":false},"excerpt":{"rendered":"<p>The wine is dark and dense on appearance. The brooding nose is intense and shows an abundance of dark fruits. Aromas of blackberry, blueberry, baking spices and heady whiffs of violets create complexity. Dark berry fruit, liquorice, notes of sweet tobacco and allspice follow through onto a vibrant mid-palate with bright, svelte tannins and a silky texture. The wine shows exceptional balance with fresh, integrated acidity. Dark plums, black olives and hints of tar and cigar box linger on an earthy finish.<\/p>\n","protected":false},"featured_media":5150,"comment_status":"open","ping_status":"open","template":"","meta":{"_seopress_robots_primary_cat":"V\u00f6r\u00f6s Cuv\u00e9e Borok","inline_featured_image":false},"product_cat":[106,85,104,124,112,157,150,154,164],"product_tag":[185],"food-pairing":[],"region":[220,298,224],"class_list":["post-5413","product","type-product","status-publish","has-post-thumbnail","hentry","product_brand-boekenhoutskloof","product_brand-the-wolftrap-boekenhoutskloof","product_cat-blend-mourvedre","product_cat-red","product_cat-blends-syrah","product_cat-blend-viognier","product_cat-white","product_cat-mourvedre","product_cat-shiraz","product_cat-syrah","product_cat-viognier","product_tag-blend","product_shipping_class-standard","pa_style-dry","pa_vintage-499","region-cape-west-coast","region-south-africa","region-swartland"],"bundle_layout":"","bundle_add_to_cart_form_location":"","bundle_editable_in_cart":false,"bundle_sold_individually_context":"","bundle_item_grouping":"","bundle_min_size":"","bundle_max_size":"","bundled_by":["5772"],"bundled_items":[],"_links":{"self":[{"href":"https:\/\/woodandwine.overace.agency\/en\/wp-json\/wp\/v2\/product\/5413","targetHints":{"allow":["GET"]}}],"collection":[{"href":"https:\/\/woodandwine.overace.agency\/en\/wp-json\/wp\/v2\/product"}],"about":[{"href":"https:\/\/woodandwine.overace.agency\/en\/wp-json\/wp\/v2\/types\/product"}],"replies":[{"embeddable":true,"href":"https:\/\/woodandwine.overace.agency\/en\/wp-json\/wp\/v2\/comments?post=5413"}],"wp:featuredmedia":[{"embeddable":true,"href":"https:\/\/woodandwine.overace.agency\/en\/wp-json\/wp\/v2\/media\/5150"}],"wp:attachment":[{"href":"https:\/\/woodandwine.overace.agency\/en\/wp-json\/wp\/v2\/media?parent=5413"}],"wp:term":[{"taxonomy":"product_cat","embeddable":true,"href":"https:\/\/woodandwine.overace.agency\/en\/wp-json\/wp\/v2\/product_cat?post=5413"},{"taxonomy":"product_tag","embeddable":true,"href":"https:\/\/woodandwine.overace.agency\/en\/wp-json\/wp\/v2\/product_tag?post=5413"},{"taxonomy":"food-pairing","embeddable":true,"href":"https:\/\/woodandwine.overace.agency\/en\/wp-json\/wp\/v2\/food-pairing?post=5413"},{"taxonomy":"region","embeddable":true,"href":"https:\/\/woodandwine.overace.agency\/en\/wp-json\/wp\/v2\/region?post=5413"}],"curies":[{"name":"wp","href":"https:\/\/api.w.org\/{rel}","templated":true}]}}