

{"id":5407,"date":"2021-04-30T00:49:38","date_gmt":"2021-05-07T20:09:03","guid":{"rendered":"https:\/\/staging.woodandwine.hu\/bor\/uncategorized\/pekin-red\/"},"modified":"2021-10-08T16:50:50","modified_gmt":"2021-10-08T15:50:50","slug":"pekin-red","status":"publish","type":"product","link":"https:\/\/woodandwine.overace.agency\/en\/bor\/avondale\/pekin-red\/","title":{"rendered":"Avondale \u2019Jonty&#8217;s Ducks\u2019 Pekin Red"},"content":{"rendered":"<p>13-15 year old vines, cultivated organically. Yield of 6-8 tons per hectare. Grapes were hand-picked at between 23-24\u00baB. The grapes were destemmed, crushed, after which wild yeast fermentation was allowed in closed stainless steel tanks. Fermentation peaked at 30\u02daC. Post-fermentation maceration was allowed. Malolactic fermentation and maturation took place in small used French oak barrels. The wine was aged for 12-14 Months in 225 litre barrels (2nd, 3rd and 4th fill).<\/p>\n","protected":false},"excerpt":{"rendered":"<p>Lots of Blackcurrant, liquorice, with a hint of dark chocolate and ground coffee. The wine has an explosion of fruit on the palate and well integrated, elegant tannins to support it. The layers of fruit and silky finish will leave you wanting more, whilst a lingering after taste makes for a rather attractive finish.<\/p>\n","protected":false},"featured_media":5148,"comment_status":"open","ping_status":"open","template":"","meta":{"_seopress_robots_primary_cat":"V\u00f6r\u00f6s Cuv\u00e9e Borok","inline_featured_image":false},"product_cat":[102,103,108,122,85,105,151,147,148,153,150],"product_tag":[184,186,185],"food-pairing":[387,395],"region":[222,222,222,222,222],"class_list":["post-5407","product","type-product","status-publish","has-post-thumbnail","hentry","product_brand-avondale","product_brand-jontys-ducks-avondale","product_cat-blends-cf","product_cat-blends-cs","product_cat-blend-merlot","product_cat-blend-petit-verdot","product_cat-red","product_cat-blends-shiraz","product_cat-cabernet-franc","product_cat-cabernet-sauvignon","product_cat-merlot","product_cat-petit-verdot","product_cat-shiraz","product_tag-award","product_tag-organic","product_tag-blend","product_shipping_class-standard","pa_style-dry","pa_vintage-496","food-pairing-lamb-barany","food-pairing-venison-szarvashus","region-paarl"],"bundle_layout":"","bundle_add_to_cart_form_location":"","bundle_editable_in_cart":false,"bundle_sold_individually_context":"","bundle_item_grouping":"","bundle_min_size":"","bundle_max_size":"","bundled_by":["5792","5793","5798"],"bundled_items":[],"_links":{"self":[{"href":"https:\/\/woodandwine.overace.agency\/en\/wp-json\/wp\/v2\/product\/5407","targetHints":{"allow":["GET"]}}],"collection":[{"href":"https:\/\/woodandwine.overace.agency\/en\/wp-json\/wp\/v2\/product"}],"about":[{"href":"https:\/\/woodandwine.overace.agency\/en\/wp-json\/wp\/v2\/types\/product"}],"replies":[{"embeddable":true,"href":"https:\/\/woodandwine.overace.agency\/en\/wp-json\/wp\/v2\/comments?post=5407"}],"wp:featuredmedia":[{"embeddable":true,"href":"https:\/\/woodandwine.overace.agency\/en\/wp-json\/wp\/v2\/media\/5148"}],"wp:attachment":[{"href":"https:\/\/woodandwine.overace.agency\/en\/wp-json\/wp\/v2\/media?parent=5407"}],"wp:term":[{"taxonomy":"product_cat","embeddable":true,"href":"https:\/\/woodandwine.overace.agency\/en\/wp-json\/wp\/v2\/product_cat?post=5407"},{"taxonomy":"product_tag","embeddable":true,"href":"https:\/\/woodandwine.overace.agency\/en\/wp-json\/wp\/v2\/product_tag?post=5407"},{"taxonomy":"food-pairing","embeddable":true,"href":"https:\/\/woodandwine.overace.agency\/en\/wp-json\/wp\/v2\/food-pairing?post=5407"},{"taxonomy":"region","embeddable":true,"href":"https:\/\/woodandwine.overace.agency\/en\/wp-json\/wp\/v2\/region?post=5407"}],"curies":[{"name":"wp","href":"https:\/\/api.w.org\/{rel}","templated":true}]}}