

{"id":5405,"date":"2021-04-30T00:49:38","date_gmt":"2021-05-07T20:09:03","guid":{"rendered":"https:\/\/staging.woodandwine.hu\/bor\/uncategorized\/optima\/"},"modified":"2022-05-17T19:49:22","modified_gmt":"2022-05-17T18:49:22","slug":"optima","status":"publish","type":"product","link":"https:\/\/woodandwine.overace.agency\/en\/bor\/anthonij-rupert\/optima\/","title":{"rendered":"Anthonij Rupert Optima"},"content":{"rendered":"<p>After a careful process of identifying the top terroir for each cultivar, sites were identified, assessed and then selected. Grapes were tested and tasted for ripeness by the winemakers on a daily basis. Vineyards were selected from different sites in the Western Cape and each varietal paired to a selected soil, climate and slope. In 2014 the grapes were handpicked in the early morning, placed in lug boxes and transported in refrigerated trucks to arrive at the cellar. The grapes were then sorted on a double-sorting table. After the cold-soaking, fermentation started and lasted for about 20 days. Malolactic fermentation took place in 225\u00ad new French oak barrels and 10000\u00ad wooden tanks. The wines were made and aged separately for 18 months in 225\u00ad French oak barrels (35% new oak). The wines were blended and aged for a further 6 months in barrel and tank and bottle-matured for 24 months before release.<\/p>\n","protected":false},"excerpt":{"rendered":"<p>Complex melange of inviting deep blueberry, cassis and spicy cocoa aromas. The palate is fresh and lively with an abundance of the same blueberry, cassis and cocoa flavours. Structured and graceful with velvety, soft-textured mouth feel and lovely integration of oak and fruit. Complex, nuanced and subtly powerful, nothing is overplayed. Delicious, lingering tail.\u00a0<\/p>\n","protected":false},"featured_media":5102,"comment_status":"open","ping_status":"open","template":"","meta":{"_seopress_robots_primary_cat":"V\u00f6r\u00f6s Cuv\u00e9e Borok","inline_featured_image":false},"product_cat":[102,103,108,122,85,151,147,148,153],"product_tag":[184,185],"food-pairing":[379,379,402,387,387,387,387,387,387,393],"region":[],"class_list":{"0":"post-5405","1":"product","2":"type-product","3":"status-publish","4":"has-post-thumbnail","5":"hentry","6":"product_brand-anthonij-rupert","7":"product_cat-blends-cf","8":"product_cat-blends-cs","9":"product_cat-blend-merlot","10":"product_cat-blend-petit-verdot","11":"product_cat-red","12":"product_cat-cabernet-franc","13":"product_cat-cabernet-sauvignon","14":"product_cat-merlot","15":"product_cat-petit-verdot","16":"product_tag-award","17":"product_tag-blend","18":"product_shipping_class-standard","19":"pa_style-dry","20":"pa_vintage-500","21":"food-pairing-cheese","23":"food-pairing-hard-cheese","24":"food-pairing-lamb-barany","30":"food-pairing-vegetable-zoldseg"},"bundle_layout":"","bundle_add_to_cart_form_location":"","bundle_editable_in_cart":false,"bundle_sold_individually_context":"","bundle_item_grouping":"","bundle_min_size":"","bundle_max_size":"","bundled_by":["5790","5791"],"bundled_items":[],"_links":{"self":[{"href":"https:\/\/woodandwine.overace.agency\/en\/wp-json\/wp\/v2\/product\/5405","targetHints":{"allow":["GET"]}}],"collection":[{"href":"https:\/\/woodandwine.overace.agency\/en\/wp-json\/wp\/v2\/product"}],"about":[{"href":"https:\/\/woodandwine.overace.agency\/en\/wp-json\/wp\/v2\/types\/product"}],"replies":[{"embeddable":true,"href":"https:\/\/woodandwine.overace.agency\/en\/wp-json\/wp\/v2\/comments?post=5405"}],"wp:featuredmedia":[{"embeddable":true,"href":"https:\/\/woodandwine.overace.agency\/en\/wp-json\/wp\/v2\/media\/5102"}],"wp:attachment":[{"href":"https:\/\/woodandwine.overace.agency\/en\/wp-json\/wp\/v2\/media?parent=5405"}],"wp:term":[{"taxonomy":"product_cat","embeddable":true,"href":"https:\/\/woodandwine.overace.agency\/en\/wp-json\/wp\/v2\/product_cat?post=5405"},{"taxonomy":"product_tag","embeddable":true,"href":"https:\/\/woodandwine.overace.agency\/en\/wp-json\/wp\/v2\/product_tag?post=5405"},{"taxonomy":"food-pairing","embeddable":true,"href":"https:\/\/woodandwine.overace.agency\/en\/wp-json\/wp\/v2\/food-pairing?post=5405"},{"taxonomy":"region","embeddable":true,"href":"https:\/\/woodandwine.overace.agency\/en\/wp-json\/wp\/v2\/region?post=5405"}],"curies":[{"name":"wp","href":"https:\/\/api.w.org\/{rel}","templated":true}]}}