

{"id":341,"date":"2016-03-15T14:31:38","date_gmt":"2016-03-15T14:31:38","guid":{"rendered":"http:\/\/okthemes.com\/villenoirdemo\/?page_id=341"},"modified":"2021-05-14T07:28:51","modified_gmt":"2021-05-14T06:28:51","slug":"about","status":"publish","type":"page","link":"https:\/\/woodandwine.overace.agency\/en\/about\/","title":{"rendered":"About us"},"content":{"rendered":"<p>[vc_row full_width=&#8221;stretch_row&#8221; equal_height=&#8221;yes&#8221; content_placement=&#8221;middle&#8221; css=&#8221;.vc_custom_1617068144819{background-image: url(https:\/\/woodandwine.overace.agency\/wp-content\/uploads\/about-bg-dark.jpg?id=4138) !important;background-position: center !important;background-repeat: no-repeat !important;background-size: cover !important;}&#8221; el_class=&#8221;gg-force-background-bottom&#8221;][vc_column offset=&#8221;vc_col-lg-4&#8243; css=&#8221;.vc_custom_1607559373571{padding-top: 5px !important;}&#8221;][vc_single_image image=&#8221;5374&#8243; img_size=&#8221;300&#215;300&#8243; alignment=&#8221;center&#8221; css_animation=&#8221;none&#8221;][\/vc_column][vc_column offset=&#8221;vc_col-lg-8 vc_col-md-8 vc_col-xs-12&#8243; css=&#8221;.vc_custom_1616030071028{margin-top: 40px !important;margin-bottom: 60px !important;padding-top: 10px !important;}&#8221;][vc_column_text el_class=&#8221;text-white&#8221;]The spirit of Wood &amp; Wine is beautifully expressed through our logo; The vine being embraced by a circle, the circle which represents the natural cycle of life.<br \/>\nThis cycle forms the basis of the ethos by which we run all aspects of our business. The vine is depicted from beneath the ground by the root structure which runs upwards to the trunk and lastly to the leaves and fruit. The vine thus continues the concept of the cycle which in turn illustrates the interdependence between the different parts of the organism in order to produce the final fruit.<br \/>\nIt reminds us that everything is connected and without these intricate relationships it is impossible to exist.<br \/>\nIn our work and daily lives, we recognize these connections and strive to nurture them to full fruition. In terms of sustainability, we express the cycle by continuously seeking to optimize our practices so that we may have as little impact on our environment as possible.[\/vc_column_text][\/vc_column][\/vc_row][vc_row full_width=&#8221;stretch_row&#8221; content_placement=&#8221;middle&#8221; css=&#8221;.vc_custom_1615530489725{margin-top: -50px !important;background-image: url(https:\/\/woodandwine.overace.agency\/wp-content\/uploads\/wine-cellar-bg.jpg?id=3871) !important;background-position: center !important;background-repeat: no-repeat !important;background-size: cover !important;}&#8221; el_class=&#8221;lastrowabout&#8221;][vc_column width=&#8221;1\/2&#8243; offset=&#8221;vc_col-xs-12&#8243;][vc_custom_heading text=&#8221;Our commitment&#8221; font_container=&#8221;tag:h3|font_size:34px|text_align:left|color:%23ffffff|line_height:30px&#8221; use_theme_fonts=&#8221;yes&#8221; css=&#8221;.vc_custom_1615530010473{margin-bottom: 26px !important;}&#8221;][vc_custom_heading text=&#8221;SUMMARIZED:&#8221; font_container=&#8221;tag:p|font_size:22px|text_align:left|color:%23b85e2d|line_height:20px&#8221; use_theme_fonts=&#8221;yes&#8221; css=&#8221;.vc_custom_1616030939338{margin-bottom: 26px !important;}&#8221; el_class=&#8221;title-subtitle-box&#8221;][vc_column_text el_class=&#8221;text-white&#8221;]<strong>\u201cTo source and supply unique international wines that offer the best value in terms of price versus quality whilst providing a diverse educational wine experience.\u201d<\/strong><br \/>\nBeginning with South Africa, the aim is to seek out the most exceptional wines in each price category and ship them to Hungary for your enjoyment at a price that will leave you thinking, \u201cWOW, I cannot believe I paid that price for such an incredible wine!\u201d.[\/vc_column_text][\/vc_column][vc_column width=&#8221;1\/2&#8243; css=&#8221;.vc_custom_1588604153605{background-position: center !important;background-repeat: no-repeat !important;background-size: cover !important;}&#8221;][\/vc_column][vc_column offset=&#8221;vc_hidden-xs&#8221;][vc_custom_heading text=&#8221;Please join us on our journey exploring the fabulous world of wine;<br \/>\nit is the ability to share the excitement and joy of a new discovery that inspires us!&#8221; font_container=&#8221;tag:h4|font_size:26px|text_align:left|color:%23ffffff&#8221; google_fonts=&#8221;font_family:Fredericka%20the%20Great%3Aregular|font_style:400%20regular%3A400%3Anormal&#8221;][\/vc_column][vc_column offset=&#8221;vc_hidden-lg vc_hidden-md vc_hidden-sm&#8221;][vc_custom_heading text=&#8221;Please join us on our journey exploring the fabulous world of wine; it is the ability to share the excitement and joy of a new discovery that inspires us!&#8221; font_container=&#8221;tag:h4|font_size:26px|text_align:center|color:%23ebdfc9&#8243; google_fonts=&#8221;font_family:Fredericka%20the%20Great%3Aregular|font_style:400%20regular%3A400%3Anormal&#8221;][\/vc_column][\/vc_row][vc_row full_width=&#8221;stretch_row&#8221; css=&#8221;.vc_custom_1607563437162{background-color: #f1f1f1 !important;}&#8221;][vc_column]\n\t<div class=\"title-subtitle-box  \" style=\" margin-bottom:0px; text-align: center;\">\n\t\t<h2 style=\" font-size:34px; line-height: normal; color:#000000;  font-style: normal;\">About those who are working on this to happen<\/h2>\n\t<\/div> [\/vc_column][\/vc_row][vc_row full_width=&#8221;stretch_row_content&#8221; gap=&#8221;25&#8243; content_placement=&#8221;top&#8221; css=&#8221;.vc_custom_1616520298844{margin-right: 5% !important;margin-left: 5% !important;background-color: #f1f1f1 !important;background-position: 0 0 !important;background-repeat: no-repeat !important;}&#8221;][vc_column width=&#8221;1\/6&#8243;][vc_single_image image=&#8221;5381&#8243; css=&#8221;.vc_custom_1620340127576{margin-bottom: -10px !important;}&#8221;][\/vc_column][vc_column width=&#8221;1\/3&#8243; offset=&#8221;vc_col-xs-12&#8243;][vc_row_inner equal_height=&#8221;yes&#8221; content_placement=&#8221;bottom&#8221;][vc_column_inner width=&#8221;2\/3&#8243; offset=&#8221;vc_col-xs-3\/5 vc_hidden-xs&#8221;][vc_custom_heading text=&#8221;Craig Butt&#8221; font_container=&#8221;tag:h6|font_size:34px|text_align:left|color:%23000000|line_height:30px&#8221; use_theme_fonts=&#8221;yes&#8221;][\/vc_column_inner][vc_column_inner width=&#8221;1\/3&#8243; offset=&#8221;vc_col-xs-2\/5 vc_hidden-xs&#8221;][vc_custom_heading text=&#8221;CO-FOUNDER&#8221; font_container=&#8221;tag:h4|text_align:left|color:%23731f1f&#8221; use_theme_fonts=&#8221;yes&#8221; css=&#8221;.vc_custom_1616033457909{padding-top: 15px !important;}&#8221;][\/vc_column_inner][\/vc_row_inner][vc_row_inner equal_height=&#8221;yes&#8221; content_placement=&#8221;bottom&#8221;][vc_column_inner width=&#8221;2\/3&#8243; offset=&#8221;vc_hidden-lg vc_hidden-md vc_hidden-sm vc_col-xs-8&#8243;][vc_custom_heading text=&#8221;Craig Butt&#8221; font_container=&#8221;tag:h6|font_size:34px|text_align:left|color:%23000000|line_height:30px&#8221; use_theme_fonts=&#8221;yes&#8221;][\/vc_column_inner][vc_column_inner width=&#8221;1\/3&#8243; offset=&#8221;vc_hidden-lg vc_hidden-md vc_hidden-sm vc_col-xs-2\/5&#8243;][vc_custom_heading text=&#8221;Founder&#8221; font_container=&#8221;tag:h4|text_align:left|color:%23731f1f&#8221; use_theme_fonts=&#8221;yes&#8221; css=&#8221;.vc_custom_1620341820289{padding-top: 15px !important;}&#8221;][\/vc_column_inner][\/vc_row_inner][vc_column_text]<\/p>\n<p class=\"p1\"><span class=\"s1\">Hailing from South Africa, Craig graduated from Hotel School and proceeded to gain in excess of 15 years\u2019 experience within the hospitality industry. <\/span><\/p>\n<p class=\"p1\"><span class=\"s1\">Having specialized in Food and Beverage, he was fortunate to gather in-depth knowledge of South African wines and hence became profoundly passionate about it.<span class=\"Apple-converted-space\"> <\/span><\/span><\/p>\n<p>[\/vc_column_text][\/vc_column][vc_column width=&#8221;1\/6&#8243; offset=&#8221;vc_col-xs-12&#8243;][vc_single_image image=&#8221;5377&#8243; css=&#8221;.vc_custom_1620340134143{margin-bottom: -10px !important;}&#8221;][\/vc_column][vc_column width=&#8221;1\/3&#8243; offset=&#8221;vc_col-xs-12&#8243;][vc_row_inner equal_height=&#8221;yes&#8221; content_placement=&#8221;bottom&#8221;][vc_column_inner width=&#8221;2\/3&#8243; offset=&#8221;vc_col-xs-3\/5 vc_hidden-xs&#8221;][vc_custom_heading text=&#8221;Igor Lininski&#8221; font_container=&#8221;tag:h6|font_size:34px|text_align:left|color:%23000000|line_height:30px&#8221; use_theme_fonts=&#8221;yes&#8221;][\/vc_column_inner][vc_column_inner width=&#8221;1\/3&#8243; offset=&#8221;vc_col-xs-2\/5 vc_hidden-xs&#8221;][vc_custom_heading text=&#8221;CO-FOUNDER&#8221; font_container=&#8221;tag:h4|text_align:left&#8221; use_theme_fonts=&#8221;yes&#8221;][\/vc_column_inner][\/vc_row_inner][vc_row_inner equal_height=&#8221;yes&#8221; content_placement=&#8221;bottom&#8221;][vc_column_inner width=&#8221;2\/3&#8243; offset=&#8221;vc_hidden-lg vc_hidden-md vc_hidden-sm vc_col-xs-8&#8243;][vc_custom_heading text=&#8221;Igor Lininski&#8221; font_container=&#8221;tag:h6|font_size:34px|text_align:left|color:%23000000|line_height:30px&#8221; use_theme_fonts=&#8221;yes&#8221;][\/vc_column_inner][vc_column_inner width=&#8221;1\/3&#8243; offset=&#8221;vc_hidden-lg vc_hidden-md vc_hidden-sm vc_col-xs-2\/5&#8243;][vc_custom_heading text=&#8221;Founder&#8221; font_container=&#8221;tag:h4|text_align:left&#8221; use_theme_fonts=&#8221;yes&#8221;][\/vc_column_inner][\/vc_row_inner][vc_column_text]<\/p>\n<p class=\"p1\"><span class=\"s1\">Igor on the other hand is a true \u2018citizen of the world\u2019 often jetting off to the far reaches of the planet. <\/span><\/p>\n<p class=\"p1\"><span class=\"s1\">With his roots firmly planted in private aviation and luxury events management, his travels have allowed him to sample a multitude of wines from different growing regions across the globe.<\/span><\/p>\n<p>[\/vc_column_text][\/vc_column][\/vc_row][vc_row content_placement=&#8221;middle&#8221; css=&#8221;.vc_custom_1620340715976{margin-top: -50px !important;background-color: #f1f1f1 !important;background-position: 0 0 !important;background-repeat: no-repeat !important;}&#8221;][vc_column offset=&#8221;vc_col-xs-12&#8243;][vc_column_text]Both being ardent travelers and sharing a deep appreciation for fine wines, Craig and Igor felt compelled to share their love for the succulent fermented fruits of the vine.<\/p>\n<p>And what better place to do so than here in Hungary with its longstanding and proud wine culture.[\/vc_column_text][vc_column_text]<\/p>\n<p class=\"p1\"><span class=\"s1\">Craig and Igor attended many trade shows and also spent a week in the Cape Winelands seeking out wines that meet their vision and requirements. They formulated their first portfolio as a base to build on, and have many exciting wines in the pipeline waiting for their debut in Hungary.<\/span><\/p>\n<p>[\/vc_column_text][\/vc_column][\/vc_row][vc_row full_width=&#8221;stretch_row_content&#8221; gap=&#8221;25&#8243; equal_height=&#8221;yes&#8221; content_placement=&#8221;middle&#8221; css=&#8221;.vc_custom_1616044667078{margin-top: -50px !important;background-color: #f1f1f1 !important;background-position: 0 0 !important;background-repeat: no-repeat !important;}&#8221;][vc_column width=&#8221;1\/6&#8243;][vc_single_image image=&#8221;5379&#8243;][\/vc_column][vc_column width=&#8221;1\/3&#8243;][vc_row_inner equal_height=&#8221;yes&#8221;][vc_column_inner width=&#8221;1\/2&#8243;][vc_custom_heading text=&#8221;S\u00e1ra Lengyel&#8221; font_container=&#8221;tag:h6|font_size:34px|text_align:left|color:%23000000|line_height:30px&#8221; use_theme_fonts=&#8221;yes&#8221; css=&#8221;.vc_custom_1620339480439{margin-bottom: 39px !important;}&#8221;][\/vc_column_inner][vc_column_inner width=&#8221;1\/2&#8243; css=&#8221;.vc_custom_1616045131477{margin-bottom: 20px !important;padding-top: 20px !important;}&#8221;][vc_custom_heading text=&#8221;SALES &amp; MARKETING&#8221; font_container=&#8221;tag:h4|text_align:left|color:%23731f1f&#8221; use_theme_fonts=&#8221;yes&#8221; css=&#8221;.vc_custom_1620341291284{padding-top: 15px !important;}&#8221;][\/vc_column_inner][\/vc_row_inner][vc_row_inner][vc_column_inner][vc_column_text]<\/p>\n<p class=\"p1\"><span class=\"s1\">S\u00e1ra heads the company\u2019s sales division and has become an integral part their vision. Her love for wine was inherited from her father who used to take her to wine tastings even though she could only try the cheese! When she finally could sample more than that, she quickly realised what all the fuss was about. Fearlessly she dove headfirst into the world of wine discovering the nuances of the different varietals and styles. Her true love of course is Hungarian wine, but that didn\u2019t stop her from developing a taste for what the rest of the world has to offer.<span class=\"Apple-converted-space\"> <\/span><\/span><\/p>\n<p>[\/vc_column_text][\/vc_column_inner][\/vc_row_inner][\/vc_column][vc_column width=&#8221;3\/6&#8243;]\n\t<blockquote  class=\"gg-vc-quote \">\n\tA borok t\u00f6rt\u00e9nete \u00e9rdekel. \u00dagy gondolom, az \u00e9letet nyitott szemmel \u00e9rdemes szeml\u00e9lni: a felsz\u00edn alatt keresni az apr\u00f3 r\u00e9szleteket, \u00e9szrevenni a k\u00fcl\u00f6nb\u00f6z\u0151s\u00e9get \u00e9s \u00e9rt\u00e9kelni azt. Az \u00e9let \u00f6sszes ter\u00fclet\u00e9t szenved\u00e9llyel \u00e9lem meg, legyen sz\u00f3 bar\u00e1ti kapcsolatok, munka, vagy az \u00e9telek \u00e9s italok felfedez\u00e9s\u00e9r\u0151l. Sz\u00e1momra nem csak a bor elfogyaszt\u00e1sa, hanem annak m\u00f3dja is rendk\u00edv\u00fcl fontos: a hangulat, a t\u00e1rsas\u00e1g vagy az alkalom, ami miatt el\u0151ker\u00fcl a bor. Szeretem az \u00faj felfedez\u00e9seket, hogy tapasztalataimat tov\u00e1bb vihessem egy k\u00e9s\u0151bbi \u00edzkalandoz\u00e1shoz.\n\t<\/blockquote>[\/vc_column][\/vc_row][vc_row full_width=&#8221;stretch_row&#8221; content_placement=&#8221;middle&#8221; css=&#8221;.vc_custom_1620340677088{margin-top: -50px !important;background-color: #731f1f !important;background-position: 0 0 !important;background-repeat: no-repeat !important;}&#8221;][vc_column][vc_custom_heading text=&#8221;CURRENT TIMES&#8221; font_container=&#8221;tag:h3|font_size:30px|text_align:center|color:%23ffffff|line_height:17px&#8221; use_theme_fonts=&#8221;yes&#8221; css=&#8221;.vc_custom_1617068513840{margin-bottom: 50px !important;}&#8221;][vc_column_text css=&#8221;.vc_custom_1616045552480{padding-right: 8% !important;padding-left: 8% !important;}&#8221; el_class=&#8221;text-white&#8221;]<\/p>\n<p class=\"p1\"><span class=\"s1\">Together they hope to tantalize Hungary\u2019s taste buds by offering exceptional wines from lesser-known regions that over-deliver in the price versus quality categories.<span class=\"Apple-converted-space\"> <\/span><\/span><\/p>\n<p class=\"p1\"><span class=\"s1\">Initially, the focus will be on South African wines but will soon be followed by delicious gems from all sorts of exotic destinations. Whilst all this is going on, they will also be gathering an exemplary representation of local wines for export to show wine enthusiasts from abroad that Hungary is a serious competitor when it comes to the art of winemaking.<\/span><\/p>\n<p>[\/vc_column_text][\/vc_column][\/vc_row][vc_row full_width=&#8221;stretch_row&#8221; gap=&#8221;35&#8243; content_placement=&#8221;middle&#8221; css=&#8221;.vc_custom_1616045512218{margin-top: -50px !important;background-color: #ebdfc9 !important;background-position: 0 0 !important;background-repeat: no-repeat !important;}&#8221;][vc_column][vc_custom_heading text=&#8221;WOOD &amp; WINE\u2019S CORE VALUES SUMMED UP IN ONE STATEMENT:&#8221; font_container=&#8221;tag:h6|font_size:24px|text_align:center|color:%23731f1f|line_height:28px&#8221; use_theme_fonts=&#8221;yes&#8221; css=&#8221;.vc_custom_1620340594993{margin-top: 35px !important;margin-bottom: 24px !important;}&#8221;][vc_column_text]<\/p>\n<p style=\"text-align: center; font-size: 41px; line-height: 44px;\">To source and supply unique international wines that offer the best value in terms of price versus quality whilst providing a diverse educational wine experience.<br \/>\n&#8211; beginning with the gems of South Africa &#8211;<br \/>\nthat offer the best value in terms of price versus quality whilst providing a diverse educational wine experience.<\/p>\n<p>[\/vc_column_text][\/vc_column][\/vc_row]<\/p>\n","protected":false},"excerpt":{"rendered":"<p>[vc_row full_width=&#8221;stretch_row&#8221; equal_height=&#8221;yes&#8221; content_placement=&#8221;middle&#8221; css=&#8221;.vc_custom_1617068144819{background-image: url(https:\/\/woodandwine.overace.agency\/wp-content\/uploads\/about-bg-dark.jpg?id=4138) !important;background-position: center !important;background-repeat: no-repeat !important;background-size: cover !important;}&#8221; el_class=&#8221;gg-force-background-bottom&#8221;][vc_column offset=&#8221;vc_col-lg-4&#8243; css=&#8221;.vc_custom_1607559373571{padding-top: 5px !important;}&#8221;][vc_single_image image=&#8221;5374&#8243; img_size=&#8221;300&#215;300&#8243; alignment=&#8221;center&#8221; css_animation=&#8221;none&#8221;][\/vc_column][vc_column offset=&#8221;vc_col-lg-8 vc_col-md-8 vc_col-xs-12&#8243; css=&#8221;.vc_custom_1616030071028{margin-top: 40px !important;margin-bottom: 60px !important;padding-top: 10px !important;}&#8221;][vc_column_text el_class=&#8221;text-white&#8221;]The spirit of Wood &amp; Wine is beautifully expressed through our logo; The vine being embraced by a circle, the circle which represents<br class=\"read-more-spacer\"> <a class=\"more-link\" href=\"https:\/\/woodandwine.overace.agency\/en\/about\/\">Read More<\/a><\/p>\n","protected":false},"author":2,"featured_media":0,"parent":0,"menu_order":0,"comment_status":"closed","ping_status":"closed","template":"","meta":{"_seopress_robots_primary_cat":"","inline_featured_image":false,"footnotes":""},"class_list":["post-341","page","type-page","status-publish","hentry"],"_links":{"self":[{"href":"https:\/\/woodandwine.overace.agency\/en\/wp-json\/wp\/v2\/pages\/341","targetHints":{"allow":["GET"]}}],"collection":[{"href":"https:\/\/woodandwine.overace.agency\/en\/wp-json\/wp\/v2\/pages"}],"about":[{"href":"https:\/\/woodandwine.overace.agency\/en\/wp-json\/wp\/v2\/types\/page"}],"author":[{"embeddable":true,"href":"https:\/\/woodandwine.overace.agency\/en\/wp-json\/wp\/v2\/users\/2"}],"replies":[{"embeddable":true,"href":"https:\/\/woodandwine.overace.agency\/en\/wp-json\/wp\/v2\/comments?post=341"}],"version-history":[{"count":9,"href":"https:\/\/woodandwine.overace.agency\/en\/wp-json\/wp\/v2\/pages\/341\/revisions"}],"predecessor-version":[{"id":5861,"href":"https:\/\/woodandwine.overace.agency\/en\/wp-json\/wp\/v2\/pages\/341\/revisions\/5861"}],"wp:attachment":[{"href":"https:\/\/woodandwine.overace.agency\/en\/wp-json\/wp\/v2\/media?parent=341"}],"curies":[{"name":"wp","href":"https:\/\/api.w.org\/{rel}","templated":true}]}}