

{"id":183,"date":"2016-03-10T09:22:08","date_gmt":"2016-03-10T08:22:08","guid":{"rendered":"http:\/\/okthemes.com\/villenoirdemo\/?page_id=183"},"modified":"2021-10-08T17:56:37","modified_gmt":"2021-10-08T16:56:37","slug":"contact","status":"publish","type":"page","link":"https:\/\/woodandwine.overace.agency\/en\/contact\/","title":{"rendered":"Have a question?"},"content":{"rendered":"<p>[vc_row css=&#8221;.vc_custom_1618585874536{padding-top: 30px !important;padding-bottom: 0px !important;}&#8221;][vc_column][vc_cta h2=&#8221;The quickest answers may be a tap away.&#8221; h2_font_container=&#8221;tag:h3|text_align:left|color:%23ffffff&#8221; h2_use_theme_fonts=&#8221;yes&#8221; txt_align=&#8221;center&#8221; shape=&#8221;square&#8221; style=&#8221;custom&#8221; add_button=&#8221;right&#8221; btn_title=&#8221;Check our FAQs&#8221; btn_style=&#8221;custom&#8221; btn_custom_background=&#8221;#b85e2d&#8221; btn_custom_text=&#8221;#ffffff&#8221; btn_css_animation=&#8221;fadeIn&#8221; use_custom_fonts_h2=&#8221;true&#8221; btn_link=&#8221;url:https%3A%2F%2Fwoodandwine.overace.agency%2Fen%2Ffaq%2F|title:Frequently%20Asked%20Questions&#8221; custom_background=&#8221;#731f1f&#8221; custom_text=&#8221;#ffffff&#8221;][\/vc_cta][\/vc_column][\/vc_row][vc_row full_width=&#8221;stretch_row&#8221; css=&#8221;.vc_custom_1618585775418{padding-bottom: 0px !important;}&#8221;][vc_column width=&#8221;1\/2&#8243;][vc_row_inner][vc_column_inner]\n\t<div class=\"gg-infobox \" style=\"text-align:left;\">\n\t\t<p class=\"subtitle\" style=\"color: #731f1f;\">Mailing Address<\/p>\n\t\t<div class=\"description\" style=\"color: #421f24;\"><p class=\"p1\">1071 Budapest<br \/>\nD\u00f3zsa Gy\u00f6rgy \u00fat 70. 3.em. 2.<\/p>\n<\/div>\n\t<\/div> [\/vc_column_inner][\/vc_row_inner][vc_column_text]<iframe style=\"border: 0;\" src=\"https:\/\/www.google.com\/maps\/embed?pb=!1m18!1m12!1m3!1d2696.5990434322966!2d19.074564315626066!3d47.47824237917632!2m3!1f0!2f0!3f0!3m2!1i1024!2i768!4f13.1!3m3!1m2!1s0x4741dd31f2b93b0b%3A0x5eb3dc35c128dfb9!2sWood%20%26%20Wine%20Budapest!5e0!3m2!1sen!2sus!4v1617056874847!5m2!1sen!2sus\" width=\"500\" height=\"350\" allowfullscreen=\"allowfullscreen\" data-mce-fragment=\"1\"><\/iframe>[\/vc_column_text][\/vc_column][vc_column width=&#8221;1\/2&#8243;]\n\t<div class=\"gg-infobox \" style=\"text-align:left;\">\n\t\t<p class=\"subtitle\" style=\"color: #731f1f;\">Wood &amp; Wine International Kft.<\/p>\n\t\t<div class=\"description\" style=\"color: #421f24;\"><\/div>\n\t<\/div> <div class=\"gg-horizontal-list \"><dl class=\"horizontal\">\n\t<dt style=\"color: #9d443f;\">Phone Number<\/dt>\n\t<dd style=\"color: #731f1f;\">+36 70 319 9632<\/dd><\/dl><\/div><div class=\"gg-horizontal-list \"><dl class=\"horizontal\">\n\t<dt style=\"color: #9d443f;\">Sales Partnerships<\/dt>\n\t<dd style=\"color: #731f1f;\">sales@woodandwine.club<\/dd>\n\t<dt style=\"color: #9d443f;\">Customer Support<\/dt>\n\t<dd style=\"color: #731f1f;\">info@woodandwine.overace.agency<\/dd><\/dl><\/div><div class=\"gg-horizontal-list \"><dl class=\"horizontal\">\n\t<dt style=\"color: #9d443f;\">Tax ID<\/dt>\n\t<dd style=\"color: #731f1f;\">26697880-2-42<\/dd>\n\t<dt style=\"color: #9d443f;\">Company registration number<\/dt>\n\t<dd style=\"color: #731f1f;\">01-09-339846<\/dd>\n\t<dt style=\"color: #9d443f;\">Excise license number<\/dt>\n\t<dd style=\"color: #731f1f;\">HU02350703001<\/dd><\/dl><\/div>[vc_row_inner disable_element=&#8221;yes&#8221;][vc_column_inner width=&#8221;1\/2&#8243;]\n\t<div class=\"featured-image-box  text-align-left\">\n\t\t<figure class=\" default\">\n\t\t\t<a href=\"mailto:craig@woodandwine.club\" title=\"E-mail\" target=\"_self\"> <img decoding=\"async\" class=\"wp-post-image default\" src=\"\" alt=\"\" \/> <\/a>\n\t\t<figcaption>\n\t\t\t<h4><a href=\"mailto:craig@woodandwine.club\" title=\"E-mail\" target=\"_self\">Craig Butt<\/a><\/h4>\n\t\t\t<p>Managing Director<\/p>\n\t\t<\/figcaption>\n\t\t<\/figure>\n\t<\/div> [vc_column_text]<a href=\"tel:+36703199632\">+36 70 319 9632<\/a><br \/>\n<a href=\"mailto:craig@woodandwine.overace.agency\">craig@woodandwine.overace.agency<\/a>[\/vc_column_text]\n\t<div class=\"gg-infobox \" style=\"text-align:left;\">\n\t\t<p class=\"subtitle\" style=\"color: #731f1f;\">Showroom<\/p>\n\t\t<div class=\"description\" style=\"color: #421f24;\"><p>1095 Budapest<br \/>\n<a href=\"https:\/\/g.page\/Wood-Wine-Budapest?we\" target=\"_blank\" rel=\"noopener noreferrer\">G\u00e1t utca 9-11.<\/a><\/p>\n<\/div>\n\t<\/div> [\/vc_column_inner][vc_column_inner width=&#8221;1\/2&#8243;]\n\t<div class=\"featured-image-box  text-align-left\">\n\t\t<figure class=\" default\">\n\t\t\t<a href=\"mailto:sara@woodandwine.club\" title=\"E-mail\" target=\"_self\"> <img decoding=\"async\" class=\"wp-post-image default\" src=\"\" alt=\"\" \/> <\/a>\n\t\t<figcaption>\n\t\t\t<h4><a href=\"mailto:sara@woodandwine.club\" title=\"E-mail\" target=\"_self\">S\u00e1ra Lengyel<\/a><\/h4>\n\t\t\t<p>Sales &amp; Marketing Director<\/p>\n\t\t<\/figcaption>\n\t\t<\/figure>\n\t<\/div> [vc_column_text]<a href=\"tel:+36703199807\">+36 70 319 9807<\/a><br \/>\n<a href=\"mailto:sara@woodandwine.overace.agency\">sara@woodandwine.overace.agency<\/a>[\/vc_column_text][\/vc_column_inner][\/vc_row_inner][\/vc_column][\/vc_row]<\/p>\n","protected":false},"excerpt":{"rendered":"<p>[vc_row css=&#8221;.vc_custom_1618585874536{padding-top: 30px !important;padding-bottom: 0px !important;}&#8221;][vc_column][vc_cta h2=&#8221;The quickest answers may be a tap away.&#8221; h2_font_container=&#8221;tag:h3|text_align:left|color:%23ffffff&#8221; h2_use_theme_fonts=&#8221;yes&#8221; txt_align=&#8221;center&#8221; shape=&#8221;square&#8221; style=&#8221;custom&#8221; add_button=&#8221;right&#8221; btn_title=&#8221;Check our FAQs&#8221; btn_style=&#8221;custom&#8221; btn_custom_background=&#8221;#b85e2d&#8221; btn_custom_text=&#8221;#ffffff&#8221; btn_css_animation=&#8221;fadeIn&#8221; use_custom_fonts_h2=&#8221;true&#8221; btn_link=&#8221;url:https%3A%2F%2Fwoodandwine.overace.agency%2Fen%2Ffaq%2F|title:Frequently%20Asked%20Questions&#8221; custom_background=&#8221;#731f1f&#8221; custom_text=&#8221;#ffffff&#8221;][\/vc_cta][\/vc_column][\/vc_row][vc_row full_width=&#8221;stretch_row&#8221; css=&#8221;.vc_custom_1618585775418{padding-bottom: 0px !important;}&#8221;][vc_column width=&#8221;1\/2&#8243;][vc_row_inner][vc_column_inner][\/vc_column_inner][\/vc_row_inner][vc_column_text][\/vc_column_text][\/vc_column][vc_column width=&#8221;1\/2&#8243;][vc_row_inner disable_element=&#8221;yes&#8221;][vc_column_inner width=&#8221;1\/2&#8243;][vc_column_text]+36 70 319 9632 craig@woodandwine.overace.agency[\/vc_column_text][\/vc_column_inner][vc_column_inner width=&#8221;1\/2&#8243;][vc_column_text]+36 70 319 9807 sara@woodandwine.overace.agency[\/vc_column_text][\/vc_column_inner][\/vc_row_inner][\/vc_column][\/vc_row]<\/p>\n","protected":false},"author":2,"featured_media":0,"parent":0,"menu_order":0,"comment_status":"closed","ping_status":"closed","template":"","meta":{"_seopress_robots_primary_cat":"","inline_featured_image":false,"footnotes":""},"class_list":["post-183","page","type-page","status-publish","hentry"],"_links":{"self":[{"href":"https:\/\/woodandwine.overace.agency\/en\/wp-json\/wp\/v2\/pages\/183","targetHints":{"allow":["GET"]}}],"collection":[{"href":"https:\/\/woodandwine.overace.agency\/en\/wp-json\/wp\/v2\/pages"}],"about":[{"href":"https:\/\/woodandwine.overace.agency\/en\/wp-json\/wp\/v2\/types\/page"}],"author":[{"embeddable":true,"href":"https:\/\/woodandwine.overace.agency\/en\/wp-json\/wp\/v2\/users\/2"}],"replies":[{"embeddable":true,"href":"https:\/\/woodandwine.overace.agency\/en\/wp-json\/wp\/v2\/comments?post=183"}],"version-history":[{"count":5,"href":"https:\/\/woodandwine.overace.agency\/en\/wp-json\/wp\/v2\/pages\/183\/revisions"}],"predecessor-version":[{"id":7444,"href":"https:\/\/woodandwine.overace.agency\/en\/wp-json\/wp\/v2\/pages\/183\/revisions\/7444"}],"wp:attachment":[{"href":"https:\/\/woodandwine.overace.agency\/en\/wp-json\/wp\/v2\/media?parent=183"}],"curies":[{"name":"wp","href":"https:\/\/api.w.org\/{rel}","templated":true}]}}